{"id":1715,"date":"2026-03-25T06:23:19","date_gmt":"2026-03-25T06:23:19","guid":{"rendered":"https:\/\/megapari.games\/vi\/?page_id=1715"},"modified":"2026-03-27T14:14:27","modified_gmt":"2026-03-27T14:14:27","slug":"casino-cashback","status":"publish","type":"page","link":"https:\/\/megapari.games\/vi\/bonus\/casino-cashback\/","title":{"rendered":"Ho\u00e0n ti\u1ec1n t\u1ea1i s\u00f2ng b\u1ea1c"},"content":{"rendered":"","protected":false},"excerpt":{"rendered":"","protected":false},"author":1,"featured_media":0,"parent":152,"menu_order":0,"comment_status":"closed","ping_status":"closed","template":"","meta":{"inline_featured_image":false,"footnotes":""},"class_list":["post-1715","page","type-page","status-publish","hentry"],"yoast_head":"<!-- This site is optimized with the Yoast SEO plugin v27.5 - https:\/\/yoast.com\/product\/yoast-seo-wordpress\/ -->\n<title>Megapari Ho\u00e0n ti\u1ec1n t\u1ea1i s\u00f2ng b\u1ea1c \u2014 Ho\u00e0n ti\u1ec1n cho m\u1ed7i l\u1ea7n ch\u01a1i<\/title>\n<meta name=\"description\" content=\"Ch\u01a1i t\u1ea1i s\u00f2ng b\u1ea1c Megapari v\u00e0 nh\u1eadn ho\u00e0n ti\u1ec1n cho s\u1ed1 ti\u1ec1n thua c\u01b0\u1ee3c. Quy t\u1eafc \u0111\u01a1n gi\u1ea3n, \u01b0u \u0111\u00e3i li\u00ean t\u1ee5c v\u00e0 nhi\u1ec1u c\u01a1 h\u1ed9i h\u01a1n \u0111\u1ec3 duy tr\u00ec s\u1ed1 d\u01b0 t\u00e0i kho\u1ea3n.\" \/>\n<meta name=\"robots\" content=\"index, follow, max-snippet:-1, max-image-preview:large, max-video-preview:-1\" \/>\n<link rel=\"canonical\" href=\"https:\/\/megapari.games\/vi\/bonus\/casino-cashback\/\" \/>\n<meta property=\"og:locale\" content=\"vi_VN\" \/>\n<meta property=\"og:type\" content=\"article\" \/>\n<meta property=\"og:title\" content=\"Megapari Ho\u00e0n ti\u1ec1n t\u1ea1i s\u00f2ng b\u1ea1c \u2014 Ho\u00e0n ti\u1ec1n cho m\u1ed7i l\u1ea7n ch\u01a1i\" \/>\n<meta property=\"og:description\" content=\"Ch\u01a1i t\u1ea1i s\u00f2ng b\u1ea1c Megapari v\u00e0 nh\u1eadn ho\u00e0n ti\u1ec1n cho s\u1ed1 ti\u1ec1n thua c\u01b0\u1ee3c. Quy t\u1eafc \u0111\u01a1n gi\u1ea3n, \u01b0u \u0111\u00e3i li\u00ean t\u1ee5c v\u00e0 nhi\u1ec1u c\u01a1 h\u1ed9i h\u01a1n \u0111\u1ec3 duy tr\u00ec s\u1ed1 d\u01b0 t\u00e0i kho\u1ea3n.\" \/>\n<meta property=\"og:url\" content=\"https:\/\/megapari.games\/vi\/bonus\/casino-cashback\/\" \/>\n<meta property=\"og:site_name\" content=\"Megapari Games vi\" \/>\n<meta property=\"article:modified_time\" content=\"2026-03-27T14:14:27+00:00\" \/>\n<meta name=\"twitter:card\" content=\"summary_large_image\" \/>\n<script type=\"application\/ld+json\" class=\"yoast-schema-graph\">{\"@context\":\"https:\\\/\\\/schema.org\",\"@graph\":[{\"@type\":\"WebPage\",\"@id\":\"https:\\\/\\\/megapari.games\\\/vi\\\/bonus\\\/casino-cashback\\\/\",\"url\":\"https:\\\/\\\/megapari.games\\\/vi\\\/bonus\\\/casino-cashback\\\/\",\"name\":\"Megapari Ho\u00e0n ti\u1ec1n t\u1ea1i s\u00f2ng b\u1ea1c \u2014 Ho\u00e0n ti\u1ec1n cho m\u1ed7i l\u1ea7n ch\u01a1i\",\"isPartOf\":{\"@id\":\"https:\\\/\\\/megapari.games\\\/vi\\\/#website\"},\"datePublished\":\"2026-03-25T06:23:19+00:00\",\"dateModified\":\"2026-03-27T14:14:27+00:00\",\"description\":\"Ch\u01a1i t\u1ea1i s\u00f2ng b\u1ea1c Megapari v\u00e0 nh\u1eadn ho\u00e0n ti\u1ec1n cho s\u1ed1 ti\u1ec1n thua c\u01b0\u1ee3c. Quy t\u1eafc \u0111\u01a1n gi\u1ea3n, \u01b0u \u0111\u00e3i li\u00ean t\u1ee5c v\u00e0 nhi\u1ec1u c\u01a1 h\u1ed9i h\u01a1n \u0111\u1ec3 duy tr\u00ec s\u1ed1 d\u01b0 t\u00e0i kho\u1ea3n.\",\"breadcrumb\":{\"@id\":\"https:\\\/\\\/megapari.games\\\/vi\\\/bonus\\\/casino-cashback\\\/#breadcrumb\"},\"inLanguage\":\"vi\",\"potentialAction\":[{\"@type\":\"ReadAction\",\"target\":[\"https:\\\/\\\/megapari.games\\\/vi\\\/bonus\\\/casino-cashback\\\/\"]}]},{\"@type\":\"BreadcrumbList\",\"@id\":\"https:\\\/\\\/megapari.games\\\/vi\\\/bonus\\\/casino-cashback\\\/#breadcrumb\",\"itemListElement\":[{\"@type\":\"ListItem\",\"position\":1,\"name\":\"\u0413\u043b\u0430\u0432\u043d\u0430\u044f \u0441\u0442\u0440\u0430\u043d\u0438\u0446\u0430\",\"item\":\"https:\\\/\\\/megapari.games\\\/vi\\\/\"},{\"@type\":\"ListItem\",\"position\":2,\"name\":\"Ti\u1ec1n th\u01b0\u1edfng\",\"item\":\"https:\\\/\\\/megapari.games\\\/vi\\\/bonus\\\/\"},{\"@type\":\"ListItem\",\"position\":3,\"name\":\"Ho\u00e0n ti\u1ec1n t\u1ea1i s\u00f2ng b\u1ea1c\"}]},{\"@type\":\"WebSite\",\"@id\":\"https:\\\/\\\/megapari.games\\\/vi\\\/#website\",\"url\":\"https:\\\/\\\/megapari.games\\\/vi\\\/\",\"name\":\"Megapari Games vi\",\"description\":\"My WordPress Blog\",\"potentialAction\":[{\"@type\":\"SearchAction\",\"target\":{\"@type\":\"EntryPoint\",\"urlTemplate\":\"https:\\\/\\\/megapari.games\\\/vi\\\/?s={search_term_string}\"},\"query-input\":{\"@type\":\"PropertyValueSpecification\",\"valueRequired\":true,\"valueName\":\"search_term_string\"}}],\"inLanguage\":\"vi\"}]}<\/script>\n<!-- \/ Yoast SEO plugin. -->","yoast_head_json":{"title":"Megapari Ho\u00e0n ti\u1ec1n t\u1ea1i s\u00f2ng b\u1ea1c \u2014 Ho\u00e0n ti\u1ec1n cho m\u1ed7i l\u1ea7n ch\u01a1i","description":"Ch\u01a1i t\u1ea1i s\u00f2ng b\u1ea1c Megapari v\u00e0 nh\u1eadn ho\u00e0n ti\u1ec1n cho s\u1ed1 ti\u1ec1n thua c\u01b0\u1ee3c. Quy t\u1eafc \u0111\u01a1n gi\u1ea3n, \u01b0u \u0111\u00e3i li\u00ean t\u1ee5c v\u00e0 nhi\u1ec1u c\u01a1 h\u1ed9i h\u01a1n \u0111\u1ec3 duy tr\u00ec s\u1ed1 d\u01b0 t\u00e0i kho\u1ea3n.","robots":{"index":"index","follow":"follow","max-snippet":"max-snippet:-1","max-image-preview":"max-image-preview:large","max-video-preview":"max-video-preview:-1"},"canonical":"https:\/\/megapari.games\/vi\/bonus\/casino-cashback\/","og_locale":"vi_VN","og_type":"article","og_title":"Megapari Ho\u00e0n ti\u1ec1n t\u1ea1i s\u00f2ng b\u1ea1c \u2014 Ho\u00e0n ti\u1ec1n cho m\u1ed7i l\u1ea7n ch\u01a1i","og_description":"Ch\u01a1i t\u1ea1i s\u00f2ng b\u1ea1c Megapari v\u00e0 nh\u1eadn ho\u00e0n ti\u1ec1n cho s\u1ed1 ti\u1ec1n thua c\u01b0\u1ee3c. Quy t\u1eafc \u0111\u01a1n gi\u1ea3n, \u01b0u \u0111\u00e3i li\u00ean t\u1ee5c v\u00e0 nhi\u1ec1u c\u01a1 h\u1ed9i h\u01a1n \u0111\u1ec3 duy tr\u00ec s\u1ed1 d\u01b0 t\u00e0i kho\u1ea3n.","og_url":"https:\/\/megapari.games\/vi\/bonus\/casino-cashback\/","og_site_name":"Megapari Games vi","article_modified_time":"2026-03-27T14:14:27+00:00","twitter_card":"summary_large_image","schema":{"@context":"https:\/\/schema.org","@graph":[{"@type":"WebPage","@id":"https:\/\/megapari.games\/vi\/bonus\/casino-cashback\/","url":"https:\/\/megapari.games\/vi\/bonus\/casino-cashback\/","name":"Megapari Ho\u00e0n ti\u1ec1n t\u1ea1i s\u00f2ng b\u1ea1c \u2014 Ho\u00e0n ti\u1ec1n cho m\u1ed7i l\u1ea7n ch\u01a1i","isPartOf":{"@id":"https:\/\/megapari.games\/vi\/#website"},"datePublished":"2026-03-25T06:23:19+00:00","dateModified":"2026-03-27T14:14:27+00:00","description":"Ch\u01a1i t\u1ea1i s\u00f2ng b\u1ea1c Megapari v\u00e0 nh\u1eadn ho\u00e0n ti\u1ec1n cho s\u1ed1 ti\u1ec1n thua c\u01b0\u1ee3c. Quy t\u1eafc \u0111\u01a1n gi\u1ea3n, \u01b0u \u0111\u00e3i li\u00ean t\u1ee5c v\u00e0 nhi\u1ec1u c\u01a1 h\u1ed9i h\u01a1n \u0111\u1ec3 duy tr\u00ec s\u1ed1 d\u01b0 t\u00e0i kho\u1ea3n.","breadcrumb":{"@id":"https:\/\/megapari.games\/vi\/bonus\/casino-cashback\/#breadcrumb"},"inLanguage":"vi","potentialAction":[{"@type":"ReadAction","target":["https:\/\/megapari.games\/vi\/bonus\/casino-cashback\/"]}]},{"@type":"BreadcrumbList","@id":"https:\/\/megapari.games\/vi\/bonus\/casino-cashback\/#breadcrumb","itemListElement":[{"@type":"ListItem","position":1,"name":"\u0413\u043b\u0430\u0432\u043d\u0430\u044f \u0441\u0442\u0440\u0430\u043d\u0438\u0446\u0430","item":"https:\/\/megapari.games\/vi\/"},{"@type":"ListItem","position":2,"name":"Ti\u1ec1n th\u01b0\u1edfng","item":"https:\/\/megapari.games\/vi\/bonus\/"},{"@type":"ListItem","position":3,"name":"Ho\u00e0n ti\u1ec1n t\u1ea1i s\u00f2ng b\u1ea1c"}]},{"@type":"WebSite","@id":"https:\/\/megapari.games\/vi\/#website","url":"https:\/\/megapari.games\/vi\/","name":"Megapari Games vi","description":"My WordPress Blog","potentialAction":[{"@type":"SearchAction","target":{"@type":"EntryPoint","urlTemplate":"https:\/\/megapari.games\/vi\/?s={search_term_string}"},"query-input":{"@type":"PropertyValueSpecification","valueRequired":true,"valueName":"search_term_string"}}],"inLanguage":"vi"}]}},"_links":{"self":[{"href":"https:\/\/megapari.games\/vi\/wp-json\/wp\/v2\/pages\/1715","targetHints":{"allow":["GET"]}}],"collection":[{"href":"https:\/\/megapari.games\/vi\/wp-json\/wp\/v2\/pages"}],"about":[{"href":"https:\/\/megapari.games\/vi\/wp-json\/wp\/v2\/types\/page"}],"author":[{"embeddable":true,"href":"https:\/\/megapari.games\/vi\/wp-json\/wp\/v2\/users\/1"}],"replies":[{"embeddable":true,"href":"https:\/\/megapari.games\/vi\/wp-json\/wp\/v2\/comments?post=1715"}],"version-history":[{"count":3,"href":"https:\/\/megapari.games\/vi\/wp-json\/wp\/v2\/pages\/1715\/revisions"}],"predecessor-version":[{"id":1807,"href":"https:\/\/megapari.games\/vi\/wp-json\/wp\/v2\/pages\/1715\/revisions\/1807"}],"up":[{"embeddable":true,"href":"https:\/\/megapari.games\/vi\/wp-json\/wp\/v2\/pages\/152"}],"wp:attachment":[{"href":"https:\/\/megapari.games\/vi\/wp-json\/wp\/v2\/media?parent=1715"}],"curies":[{"name":"wp","href":"https:\/\/api.w.org\/{rel}","templated":true}]}}