{"id":1725,"date":"2026-03-25T07:45:20","date_gmt":"2026-03-25T07:45:20","guid":{"rendered":"https:\/\/megapari.games\/vi\/?page_id=1725"},"modified":"2026-03-27T16:16:13","modified_gmt":"2026-03-27T16:16:13","slug":"friday-casino-bonus","status":"publish","type":"page","link":"https:\/\/megapari.games\/vi\/bonus\/friday-casino-bonus\/","title":{"rendered":"Ti\u1ec1n th\u01b0\u1edfng s\u00f2ng b\u1ea1c v\u00e0o th\u1ee9 S\u00e1u"},"content":{"rendered":"","protected":false},"excerpt":{"rendered":"","protected":false},"author":1,"featured_media":0,"parent":152,"menu_order":0,"comment_status":"closed","ping_status":"closed","template":"","meta":{"inline_featured_image":false,"footnotes":""},"class_list":["post-1725","page","type-page","status-publish","hentry"],"yoast_head":"<!-- This site is optimized with the Yoast SEO plugin v27.6 - https:\/\/yoast.com\/product\/yoast-seo-wordpress\/ -->\n<title>Megapari Ti\u1ec1n th\u01b0\u1edfng s\u00f2ng b\u1ea1c v\u00e0o th\u1ee9 S\u00e1u\u2014 t\u1ed1i \u0111a 8000000VND<\/title>\n<meta name=\"description\" content=\"Nh\u1eadn ngay 100% ti\u1ec1n th\u01b0\u1edfng s\u00f2ng b\u1ea1c v\u00e0o m\u1ed7i th\u1ee9 S\u00e1u t\u1ea1i Megapari. N\u1ea1p ti\u1ec1n t\u1eeb 130000 VND v\u00e0 nh\u1eadn t\u1edbi 300 \u20ac v\u1edbi quy tr\u00ecnh k\u00edch ho\u1ea1t nhanh ch\u00f3ng v\u00e0 c\u00e1c quy t\u1eafc \u0111\u01a1n gi\u1ea3n.\" \/>\n<meta name=\"robots\" content=\"index, follow, max-snippet:-1, max-image-preview:large, max-video-preview:-1\" \/>\n<link rel=\"canonical\" href=\"https:\/\/megapari.games\/vi\/bonus\/friday-casino-bonus\/\" \/>\n<meta property=\"og:locale\" content=\"vi_VN\" \/>\n<meta property=\"og:type\" content=\"article\" \/>\n<meta property=\"og:title\" content=\"Megapari Ti\u1ec1n th\u01b0\u1edfng s\u00f2ng b\u1ea1c v\u00e0o th\u1ee9 S\u00e1u\u2014 t\u1ed1i \u0111a 8000000VND\" \/>\n<meta property=\"og:description\" content=\"Nh\u1eadn ngay 100% ti\u1ec1n th\u01b0\u1edfng s\u00f2ng b\u1ea1c v\u00e0o m\u1ed7i th\u1ee9 S\u00e1u t\u1ea1i Megapari. N\u1ea1p ti\u1ec1n t\u1eeb 130000 VND v\u00e0 nh\u1eadn t\u1edbi 300 \u20ac v\u1edbi quy tr\u00ecnh k\u00edch ho\u1ea1t nhanh ch\u00f3ng v\u00e0 c\u00e1c quy t\u1eafc \u0111\u01a1n gi\u1ea3n.\" \/>\n<meta property=\"og:url\" content=\"https:\/\/megapari.games\/vi\/bonus\/friday-casino-bonus\/\" \/>\n<meta property=\"og:site_name\" content=\"Megapari Games vi\" \/>\n<meta property=\"article:modified_time\" content=\"2026-03-27T16:16:13+00:00\" \/>\n<meta name=\"twitter:card\" content=\"summary_large_image\" \/>\n<script type=\"application\/ld+json\" class=\"yoast-schema-graph\">{\"@context\":\"https:\\\/\\\/schema.org\",\"@graph\":[{\"@type\":\"WebPage\",\"@id\":\"https:\\\/\\\/megapari.games\\\/vi\\\/bonus\\\/friday-casino-bonus\\\/\",\"url\":\"https:\\\/\\\/megapari.games\\\/vi\\\/bonus\\\/friday-casino-bonus\\\/\",\"name\":\"Megapari Ti\u1ec1n th\u01b0\u1edfng s\u00f2ng b\u1ea1c v\u00e0o th\u1ee9 S\u00e1u\u2014 t\u1ed1i \u0111a 8000000VND\",\"isPartOf\":{\"@id\":\"https:\\\/\\\/megapari.games\\\/vi\\\/#website\"},\"datePublished\":\"2026-03-25T07:45:20+00:00\",\"dateModified\":\"2026-03-27T16:16:13+00:00\",\"description\":\"Nh\u1eadn ngay 100% ti\u1ec1n th\u01b0\u1edfng s\u00f2ng b\u1ea1c v\u00e0o m\u1ed7i th\u1ee9 S\u00e1u t\u1ea1i Megapari. N\u1ea1p ti\u1ec1n t\u1eeb 130000 VND v\u00e0 nh\u1eadn t\u1edbi 300 \u20ac v\u1edbi quy tr\u00ecnh k\u00edch ho\u1ea1t nhanh ch\u00f3ng v\u00e0 c\u00e1c quy t\u1eafc \u0111\u01a1n gi\u1ea3n.\",\"breadcrumb\":{\"@id\":\"https:\\\/\\\/megapari.games\\\/vi\\\/bonus\\\/friday-casino-bonus\\\/#breadcrumb\"},\"inLanguage\":\"vi\",\"potentialAction\":[{\"@type\":\"ReadAction\",\"target\":[\"https:\\\/\\\/megapari.games\\\/vi\\\/bonus\\\/friday-casino-bonus\\\/\"]}]},{\"@type\":\"BreadcrumbList\",\"@id\":\"https:\\\/\\\/megapari.games\\\/vi\\\/bonus\\\/friday-casino-bonus\\\/#breadcrumb\",\"itemListElement\":[{\"@type\":\"ListItem\",\"position\":1,\"name\":\"\u0413\u043b\u0430\u0432\u043d\u0430\u044f \u0441\u0442\u0440\u0430\u043d\u0438\u0446\u0430\",\"item\":\"https:\\\/\\\/megapari.games\\\/vi\\\/\"},{\"@type\":\"ListItem\",\"position\":2,\"name\":\"Ti\u1ec1n th\u01b0\u1edfng\",\"item\":\"https:\\\/\\\/megapari.games\\\/vi\\\/bonus\\\/\"},{\"@type\":\"ListItem\",\"position\":3,\"name\":\"Ti\u1ec1n th\u01b0\u1edfng s\u00f2ng b\u1ea1c v\u00e0o th\u1ee9 S\u00e1u\"}]},{\"@type\":\"WebSite\",\"@id\":\"https:\\\/\\\/megapari.games\\\/vi\\\/#website\",\"url\":\"https:\\\/\\\/megapari.games\\\/vi\\\/\",\"name\":\"Megapari Games vi\",\"description\":\"My WordPress Blog\",\"potentialAction\":[{\"@type\":\"SearchAction\",\"target\":{\"@type\":\"EntryPoint\",\"urlTemplate\":\"https:\\\/\\\/megapari.games\\\/vi\\\/?s={search_term_string}\"},\"query-input\":{\"@type\":\"PropertyValueSpecification\",\"valueRequired\":true,\"valueName\":\"search_term_string\"}}],\"inLanguage\":\"vi\"}]}<\/script>\n<!-- \/ Yoast SEO plugin. -->","yoast_head_json":{"title":"Megapari Ti\u1ec1n th\u01b0\u1edfng s\u00f2ng b\u1ea1c v\u00e0o th\u1ee9 S\u00e1u\u2014 t\u1ed1i \u0111a 8000000VND","description":"Nh\u1eadn ngay 100% ti\u1ec1n th\u01b0\u1edfng s\u00f2ng b\u1ea1c v\u00e0o m\u1ed7i th\u1ee9 S\u00e1u t\u1ea1i Megapari. N\u1ea1p ti\u1ec1n t\u1eeb 130000 VND v\u00e0 nh\u1eadn t\u1edbi 300 \u20ac v\u1edbi quy tr\u00ecnh k\u00edch ho\u1ea1t nhanh ch\u00f3ng v\u00e0 c\u00e1c quy t\u1eafc \u0111\u01a1n gi\u1ea3n.","robots":{"index":"index","follow":"follow","max-snippet":"max-snippet:-1","max-image-preview":"max-image-preview:large","max-video-preview":"max-video-preview:-1"},"canonical":"https:\/\/megapari.games\/vi\/bonus\/friday-casino-bonus\/","og_locale":"vi_VN","og_type":"article","og_title":"Megapari Ti\u1ec1n th\u01b0\u1edfng s\u00f2ng b\u1ea1c v\u00e0o th\u1ee9 S\u00e1u\u2014 t\u1ed1i \u0111a 8000000VND","og_description":"Nh\u1eadn ngay 100% ti\u1ec1n th\u01b0\u1edfng s\u00f2ng b\u1ea1c v\u00e0o m\u1ed7i th\u1ee9 S\u00e1u t\u1ea1i Megapari. N\u1ea1p ti\u1ec1n t\u1eeb 130000 VND v\u00e0 nh\u1eadn t\u1edbi 300 \u20ac v\u1edbi quy tr\u00ecnh k\u00edch ho\u1ea1t nhanh ch\u00f3ng v\u00e0 c\u00e1c quy t\u1eafc \u0111\u01a1n gi\u1ea3n.","og_url":"https:\/\/megapari.games\/vi\/bonus\/friday-casino-bonus\/","og_site_name":"Megapari Games vi","article_modified_time":"2026-03-27T16:16:13+00:00","twitter_card":"summary_large_image","schema":{"@context":"https:\/\/schema.org","@graph":[{"@type":"WebPage","@id":"https:\/\/megapari.games\/vi\/bonus\/friday-casino-bonus\/","url":"https:\/\/megapari.games\/vi\/bonus\/friday-casino-bonus\/","name":"Megapari Ti\u1ec1n th\u01b0\u1edfng s\u00f2ng b\u1ea1c v\u00e0o th\u1ee9 S\u00e1u\u2014 t\u1ed1i \u0111a 8000000VND","isPartOf":{"@id":"https:\/\/megapari.games\/vi\/#website"},"datePublished":"2026-03-25T07:45:20+00:00","dateModified":"2026-03-27T16:16:13+00:00","description":"Nh\u1eadn ngay 100% ti\u1ec1n th\u01b0\u1edfng s\u00f2ng b\u1ea1c v\u00e0o m\u1ed7i th\u1ee9 S\u00e1u t\u1ea1i Megapari. N\u1ea1p ti\u1ec1n t\u1eeb 130000 VND v\u00e0 nh\u1eadn t\u1edbi 300 \u20ac v\u1edbi quy tr\u00ecnh k\u00edch ho\u1ea1t nhanh ch\u00f3ng v\u00e0 c\u00e1c quy t\u1eafc \u0111\u01a1n gi\u1ea3n.","breadcrumb":{"@id":"https:\/\/megapari.games\/vi\/bonus\/friday-casino-bonus\/#breadcrumb"},"inLanguage":"vi","potentialAction":[{"@type":"ReadAction","target":["https:\/\/megapari.games\/vi\/bonus\/friday-casino-bonus\/"]}]},{"@type":"BreadcrumbList","@id":"https:\/\/megapari.games\/vi\/bonus\/friday-casino-bonus\/#breadcrumb","itemListElement":[{"@type":"ListItem","position":1,"name":"\u0413\u043b\u0430\u0432\u043d\u0430\u044f \u0441\u0442\u0440\u0430\u043d\u0438\u0446\u0430","item":"https:\/\/megapari.games\/vi\/"},{"@type":"ListItem","position":2,"name":"Ti\u1ec1n th\u01b0\u1edfng","item":"https:\/\/megapari.games\/vi\/bonus\/"},{"@type":"ListItem","position":3,"name":"Ti\u1ec1n th\u01b0\u1edfng s\u00f2ng b\u1ea1c v\u00e0o th\u1ee9 S\u00e1u"}]},{"@type":"WebSite","@id":"https:\/\/megapari.games\/vi\/#website","url":"https:\/\/megapari.games\/vi\/","name":"Megapari Games vi","description":"My WordPress Blog","potentialAction":[{"@type":"SearchAction","target":{"@type":"EntryPoint","urlTemplate":"https:\/\/megapari.games\/vi\/?s={search_term_string}"},"query-input":{"@type":"PropertyValueSpecification","valueRequired":true,"valueName":"search_term_string"}}],"inLanguage":"vi"}]}},"_links":{"self":[{"href":"https:\/\/megapari.games\/vi\/wp-json\/wp\/v2\/pages\/1725","targetHints":{"allow":["GET"]}}],"collection":[{"href":"https:\/\/megapari.games\/vi\/wp-json\/wp\/v2\/pages"}],"about":[{"href":"https:\/\/megapari.games\/vi\/wp-json\/wp\/v2\/types\/page"}],"author":[{"embeddable":true,"href":"https:\/\/megapari.games\/vi\/wp-json\/wp\/v2\/users\/1"}],"replies":[{"embeddable":true,"href":"https:\/\/megapari.games\/vi\/wp-json\/wp\/v2\/comments?post=1725"}],"version-history":[{"count":3,"href":"https:\/\/megapari.games\/vi\/wp-json\/wp\/v2\/pages\/1725\/revisions"}],"predecessor-version":[{"id":1818,"href":"https:\/\/megapari.games\/vi\/wp-json\/wp\/v2\/pages\/1725\/revisions\/1818"}],"up":[{"embeddable":true,"href":"https:\/\/megapari.games\/vi\/wp-json\/wp\/v2\/pages\/152"}],"wp:attachment":[{"href":"https:\/\/megapari.games\/vi\/wp-json\/wp\/v2\/media?parent=1725"}],"curies":[{"name":"wp","href":"https:\/\/api.w.org\/{rel}","templated":true}]}}