{"id":435,"date":"2024-05-08T07:23:35","date_gmt":"2024-05-08T07:23:35","guid":{"rendered":"https:\/\/megapari.games\/vi\/?page_id=435"},"modified":"2026-03-27T04:45:29","modified_gmt":"2026-03-27T04:45:29","slug":"casino","status":"publish","type":"page","link":"https:\/\/megapari.games\/vi\/casino\/","title":{"rendered":"S\u00f2ng b\u1ea1c"},"content":{"rendered":"","protected":false},"excerpt":{"rendered":"","protected":false},"author":1,"featured_media":0,"parent":0,"menu_order":0,"comment_status":"closed","ping_status":"closed","template":"","meta":{"inline_featured_image":false,"footnotes":""},"class_list":["post-435","page","type-page","status-publish","hentry"],"yoast_head":"<!-- This site is optimized with the Yoast SEO plugin v27.6 - https:\/\/yoast.com\/product\/yoast-seo-wordpress\/ -->\n<title>Megapari S\u00f2ng b\u1ea1c | \u01afu \u0111\u00e3i ch\u00e0o m\u1eebng &amp; Tr\u00f2 ch\u01a1i<\/title>\n<meta name=\"description\" content=\"S\u00f2ng b\u1ea1c tr\u1ef1c tuy\u1ebfn Megapari cung c\u1ea5p c\u00e1c tr\u00f2 ch\u01a1i nh\u01b0 baccarat, blackjack, roulette v\u00e0 poker \u2014 B\u1eaft \u0111\u1ea7u tr\u1ea3i nghi\u1ec7m \u0111a d\u1ea1ng c\u00e1c tr\u00f2 ch\u01a1i s\u00f2ng b\u1ea1c tr\u00ean n\u1ec1n t\u1ea3ng Megapari\" \/>\n<meta name=\"robots\" content=\"index, follow, max-snippet:-1, max-image-preview:large, max-video-preview:-1\" \/>\n<link rel=\"canonical\" href=\"https:\/\/megapari.games\/vi\/casino\/\" \/>\n<meta property=\"og:locale\" content=\"vi_VN\" \/>\n<meta property=\"og:type\" content=\"article\" \/>\n<meta property=\"og:title\" content=\"Megapari S\u00f2ng b\u1ea1c | \u01afu \u0111\u00e3i ch\u00e0o m\u1eebng &amp; Tr\u00f2 ch\u01a1i\" \/>\n<meta property=\"og:description\" content=\"S\u00f2ng b\u1ea1c tr\u1ef1c tuy\u1ebfn Megapari cung c\u1ea5p c\u00e1c tr\u00f2 ch\u01a1i nh\u01b0 baccarat, blackjack, roulette v\u00e0 poker \u2014 B\u1eaft \u0111\u1ea7u tr\u1ea3i nghi\u1ec7m \u0111a d\u1ea1ng c\u00e1c tr\u00f2 ch\u01a1i s\u00f2ng b\u1ea1c tr\u00ean n\u1ec1n t\u1ea3ng Megapari\" \/>\n<meta property=\"og:url\" content=\"https:\/\/megapari.games\/vi\/casino\/\" \/>\n<meta property=\"og:site_name\" content=\"Megapari Games vi\" \/>\n<meta property=\"article:modified_time\" content=\"2026-03-27T04:45:29+00:00\" \/>\n<meta name=\"twitter:card\" content=\"summary_large_image\" \/>\n<script type=\"application\/ld+json\" class=\"yoast-schema-graph\">{\"@context\":\"https:\\\/\\\/schema.org\",\"@graph\":[{\"@type\":\"WebPage\",\"@id\":\"https:\\\/\\\/megapari.games\\\/vi\\\/casino\\\/\",\"url\":\"https:\\\/\\\/megapari.games\\\/vi\\\/casino\\\/\",\"name\":\"Megapari S\u00f2ng b\u1ea1c | \u01afu \u0111\u00e3i ch\u00e0o m\u1eebng & Tr\u00f2 ch\u01a1i\",\"isPartOf\":{\"@id\":\"https:\\\/\\\/megapari.games\\\/vi\\\/#website\"},\"datePublished\":\"2024-05-08T07:23:35+00:00\",\"dateModified\":\"2026-03-27T04:45:29+00:00\",\"description\":\"S\u00f2ng b\u1ea1c tr\u1ef1c tuy\u1ebfn Megapari cung c\u1ea5p c\u00e1c tr\u00f2 ch\u01a1i nh\u01b0 baccarat, blackjack, roulette v\u00e0 poker \u2014 B\u1eaft \u0111\u1ea7u tr\u1ea3i nghi\u1ec7m \u0111a d\u1ea1ng c\u00e1c tr\u00f2 ch\u01a1i s\u00f2ng b\u1ea1c tr\u00ean n\u1ec1n t\u1ea3ng Megapari\",\"breadcrumb\":{\"@id\":\"https:\\\/\\\/megapari.games\\\/vi\\\/casino\\\/#breadcrumb\"},\"inLanguage\":\"vi\",\"potentialAction\":[{\"@type\":\"ReadAction\",\"target\":[\"https:\\\/\\\/megapari.games\\\/vi\\\/casino\\\/\"]}]},{\"@type\":\"BreadcrumbList\",\"@id\":\"https:\\\/\\\/megapari.games\\\/vi\\\/casino\\\/#breadcrumb\",\"itemListElement\":[{\"@type\":\"ListItem\",\"position\":1,\"name\":\"\u0413\u043b\u0430\u0432\u043d\u0430\u044f \u0441\u0442\u0440\u0430\u043d\u0438\u0446\u0430\",\"item\":\"https:\\\/\\\/megapari.games\\\/vi\\\/\"},{\"@type\":\"ListItem\",\"position\":2,\"name\":\"S\u00f2ng b\u1ea1c\"}]},{\"@type\":\"WebSite\",\"@id\":\"https:\\\/\\\/megapari.games\\\/vi\\\/#website\",\"url\":\"https:\\\/\\\/megapari.games\\\/vi\\\/\",\"name\":\"Megapari Games vi\",\"description\":\"My WordPress Blog\",\"potentialAction\":[{\"@type\":\"SearchAction\",\"target\":{\"@type\":\"EntryPoint\",\"urlTemplate\":\"https:\\\/\\\/megapari.games\\\/vi\\\/?s={search_term_string}\"},\"query-input\":{\"@type\":\"PropertyValueSpecification\",\"valueRequired\":true,\"valueName\":\"search_term_string\"}}],\"inLanguage\":\"vi\"}]}<\/script>\n<!-- \/ Yoast SEO plugin. -->","yoast_head_json":{"title":"Megapari S\u00f2ng b\u1ea1c | \u01afu \u0111\u00e3i ch\u00e0o m\u1eebng & Tr\u00f2 ch\u01a1i","description":"S\u00f2ng b\u1ea1c tr\u1ef1c tuy\u1ebfn Megapari cung c\u1ea5p c\u00e1c tr\u00f2 ch\u01a1i nh\u01b0 baccarat, blackjack, roulette v\u00e0 poker \u2014 B\u1eaft \u0111\u1ea7u tr\u1ea3i nghi\u1ec7m \u0111a d\u1ea1ng c\u00e1c tr\u00f2 ch\u01a1i s\u00f2ng b\u1ea1c tr\u00ean n\u1ec1n t\u1ea3ng Megapari","robots":{"index":"index","follow":"follow","max-snippet":"max-snippet:-1","max-image-preview":"max-image-preview:large","max-video-preview":"max-video-preview:-1"},"canonical":"https:\/\/megapari.games\/vi\/casino\/","og_locale":"vi_VN","og_type":"article","og_title":"Megapari S\u00f2ng b\u1ea1c | \u01afu \u0111\u00e3i ch\u00e0o m\u1eebng & Tr\u00f2 ch\u01a1i","og_description":"S\u00f2ng b\u1ea1c tr\u1ef1c tuy\u1ebfn Megapari cung c\u1ea5p c\u00e1c tr\u00f2 ch\u01a1i nh\u01b0 baccarat, blackjack, roulette v\u00e0 poker \u2014 B\u1eaft \u0111\u1ea7u tr\u1ea3i nghi\u1ec7m \u0111a d\u1ea1ng c\u00e1c tr\u00f2 ch\u01a1i s\u00f2ng b\u1ea1c tr\u00ean n\u1ec1n t\u1ea3ng Megapari","og_url":"https:\/\/megapari.games\/vi\/casino\/","og_site_name":"Megapari Games vi","article_modified_time":"2026-03-27T04:45:29+00:00","twitter_card":"summary_large_image","schema":{"@context":"https:\/\/schema.org","@graph":[{"@type":"WebPage","@id":"https:\/\/megapari.games\/vi\/casino\/","url":"https:\/\/megapari.games\/vi\/casino\/","name":"Megapari S\u00f2ng b\u1ea1c | \u01afu \u0111\u00e3i ch\u00e0o m\u1eebng & Tr\u00f2 ch\u01a1i","isPartOf":{"@id":"https:\/\/megapari.games\/vi\/#website"},"datePublished":"2024-05-08T07:23:35+00:00","dateModified":"2026-03-27T04:45:29+00:00","description":"S\u00f2ng b\u1ea1c tr\u1ef1c tuy\u1ebfn Megapari cung c\u1ea5p c\u00e1c tr\u00f2 ch\u01a1i nh\u01b0 baccarat, blackjack, roulette v\u00e0 poker \u2014 B\u1eaft \u0111\u1ea7u tr\u1ea3i nghi\u1ec7m \u0111a d\u1ea1ng c\u00e1c tr\u00f2 ch\u01a1i s\u00f2ng b\u1ea1c tr\u00ean n\u1ec1n t\u1ea3ng Megapari","breadcrumb":{"@id":"https:\/\/megapari.games\/vi\/casino\/#breadcrumb"},"inLanguage":"vi","potentialAction":[{"@type":"ReadAction","target":["https:\/\/megapari.games\/vi\/casino\/"]}]},{"@type":"BreadcrumbList","@id":"https:\/\/megapari.games\/vi\/casino\/#breadcrumb","itemListElement":[{"@type":"ListItem","position":1,"name":"\u0413\u043b\u0430\u0432\u043d\u0430\u044f \u0441\u0442\u0440\u0430\u043d\u0438\u0446\u0430","item":"https:\/\/megapari.games\/vi\/"},{"@type":"ListItem","position":2,"name":"S\u00f2ng b\u1ea1c"}]},{"@type":"WebSite","@id":"https:\/\/megapari.games\/vi\/#website","url":"https:\/\/megapari.games\/vi\/","name":"Megapari Games vi","description":"My WordPress Blog","potentialAction":[{"@type":"SearchAction","target":{"@type":"EntryPoint","urlTemplate":"https:\/\/megapari.games\/vi\/?s={search_term_string}"},"query-input":{"@type":"PropertyValueSpecification","valueRequired":true,"valueName":"search_term_string"}}],"inLanguage":"vi"}]}},"_links":{"self":[{"href":"https:\/\/megapari.games\/vi\/wp-json\/wp\/v2\/pages\/435","targetHints":{"allow":["GET"]}}],"collection":[{"href":"https:\/\/megapari.games\/vi\/wp-json\/wp\/v2\/pages"}],"about":[{"href":"https:\/\/megapari.games\/vi\/wp-json\/wp\/v2\/types\/page"}],"author":[{"embeddable":true,"href":"https:\/\/megapari.games\/vi\/wp-json\/wp\/v2\/users\/1"}],"replies":[{"embeddable":true,"href":"https:\/\/megapari.games\/vi\/wp-json\/wp\/v2\/comments?post=435"}],"version-history":[{"count":4,"href":"https:\/\/megapari.games\/vi\/wp-json\/wp\/v2\/pages\/435\/revisions"}],"predecessor-version":[{"id":1764,"href":"https:\/\/megapari.games\/vi\/wp-json\/wp\/v2\/pages\/435\/revisions\/1764"}],"wp:attachment":[{"href":"https:\/\/megapari.games\/vi\/wp-json\/wp\/v2\/media?parent=435"}],"curies":[{"name":"wp","href":"https:\/\/api.w.org\/{rel}","templated":true}]}}