{"id":776,"date":"2025-03-27T08:52:05","date_gmt":"2025-03-27T08:52:05","guid":{"rendered":"https:\/\/megapari.games\/vi\/?page_id=776"},"modified":"2026-03-27T15:56:50","modified_gmt":"2026-03-27T15:56:50","slug":"first-deposit","status":"publish","type":"page","link":"https:\/\/megapari.games\/vi\/bonus\/first-deposit\/","title":{"rendered":"Kho\u1ea3n ti\u1ec1n g\u1eedi \u0111\u1ea7u ti\u00ean"},"content":{"rendered":"","protected":false},"excerpt":{"rendered":"","protected":false},"author":1,"featured_media":0,"parent":152,"menu_order":0,"comment_status":"closed","ping_status":"closed","template":"","meta":{"inline_featured_image":false,"footnotes":""},"class_list":["post-776","page","type-page","status-publish","hentry"],"yoast_head":"<!-- This site is optimized with the Yoast SEO plugin v27.3 - https:\/\/yoast.com\/product\/yoast-seo-wordpress\/ -->\n<title>Megapari G\u00f3i ch\u00e0o m\u1eebng \u2014 40.000.000 VND + 150 FS<\/title>\n<meta name=\"description\" content=\"\u0110\u1eebng b\u1ecf l\u1ee1 c\u01a1 h\u1ed9i n\u00e0y! H\u00e3y tham gia Megapari v\u00e0 nh\u1eadn ngay G\u00f3i Ch\u00e0o M\u1eebng h\u1ea5p d\u1eabn tr\u1ecb gi\u00e1 l\u00ean \u0111\u1ebfn 40.000.000 VND + 150 l\u01b0\u1ee3t quay mi\u1ec5n ph\u00ed! Nh\u1eefng tr\u00f2 ch\u01a1i th\u00fa v\u1ecb v\u00e0 ph\u1ea7n th\u01b0\u1edfng kh\u00f4ng \u0111\u00e2u s\u00e1nh b\u1eb1ng \u0111ang ch\u1edd \u0111\u00f3n b\u1ea1n. Ch\u01a1i th\u00f4ng minh - chi\u1ebfn th\u1eafng \u0111\u1ea7y h\u1ee9ng kh\u1edfi!\" \/>\n<meta name=\"robots\" content=\"index, follow, max-snippet:-1, max-image-preview:large, max-video-preview:-1\" \/>\n<link rel=\"canonical\" href=\"https:\/\/megapari.games\/vi\/bonus\/first-deposit\/\" \/>\n<meta property=\"og:locale\" content=\"vi_VN\" \/>\n<meta property=\"og:type\" content=\"article\" \/>\n<meta property=\"og:title\" content=\"Megapari G\u00f3i ch\u00e0o m\u1eebng \u2014 40.000.000 VND + 150 FS\" \/>\n<meta property=\"og:description\" content=\"\u0110\u1eebng b\u1ecf l\u1ee1 c\u01a1 h\u1ed9i n\u00e0y! H\u00e3y tham gia Megapari v\u00e0 nh\u1eadn ngay G\u00f3i Ch\u00e0o M\u1eebng h\u1ea5p d\u1eabn tr\u1ecb gi\u00e1 l\u00ean \u0111\u1ebfn 40.000.000 VND + 150 l\u01b0\u1ee3t quay mi\u1ec5n ph\u00ed! Nh\u1eefng tr\u00f2 ch\u01a1i th\u00fa v\u1ecb v\u00e0 ph\u1ea7n th\u01b0\u1edfng kh\u00f4ng \u0111\u00e2u s\u00e1nh b\u1eb1ng \u0111ang ch\u1edd \u0111\u00f3n b\u1ea1n. Ch\u01a1i th\u00f4ng minh - chi\u1ebfn th\u1eafng \u0111\u1ea7y h\u1ee9ng kh\u1edfi!\" \/>\n<meta property=\"og:url\" content=\"https:\/\/megapari.games\/vi\/bonus\/first-deposit\/\" \/>\n<meta property=\"og:site_name\" content=\"Megapari Games vi\" \/>\n<meta property=\"article:modified_time\" content=\"2026-03-27T15:56:50+00:00\" \/>\n<meta name=\"twitter:card\" content=\"summary_large_image\" \/>\n<script type=\"application\/ld+json\" class=\"yoast-schema-graph\">{\"@context\":\"https:\\\/\\\/schema.org\",\"@graph\":[{\"@type\":\"WebPage\",\"@id\":\"https:\\\/\\\/megapari.games\\\/vi\\\/bonus\\\/first-deposit\\\/\",\"url\":\"https:\\\/\\\/megapari.games\\\/vi\\\/bonus\\\/first-deposit\\\/\",\"name\":\"Megapari G\u00f3i ch\u00e0o m\u1eebng \u2014 40.000.000 VND + 150 FS\",\"isPartOf\":{\"@id\":\"https:\\\/\\\/megapari.games\\\/vi\\\/#website\"},\"datePublished\":\"2025-03-27T08:52:05+00:00\",\"dateModified\":\"2026-03-27T15:56:50+00:00\",\"description\":\"\u0110\u1eebng b\u1ecf l\u1ee1 c\u01a1 h\u1ed9i n\u00e0y! H\u00e3y tham gia Megapari v\u00e0 nh\u1eadn ngay G\u00f3i Ch\u00e0o M\u1eebng h\u1ea5p d\u1eabn tr\u1ecb gi\u00e1 l\u00ean \u0111\u1ebfn 40.000.000 VND + 150 l\u01b0\u1ee3t quay mi\u1ec5n ph\u00ed! Nh\u1eefng tr\u00f2 ch\u01a1i th\u00fa v\u1ecb v\u00e0 ph\u1ea7n th\u01b0\u1edfng kh\u00f4ng \u0111\u00e2u s\u00e1nh b\u1eb1ng \u0111ang ch\u1edd \u0111\u00f3n b\u1ea1n. Ch\u01a1i th\u00f4ng minh - chi\u1ebfn th\u1eafng \u0111\u1ea7y h\u1ee9ng kh\u1edfi!\",\"breadcrumb\":{\"@id\":\"https:\\\/\\\/megapari.games\\\/vi\\\/bonus\\\/first-deposit\\\/#breadcrumb\"},\"inLanguage\":\"vi\",\"potentialAction\":[{\"@type\":\"ReadAction\",\"target\":[\"https:\\\/\\\/megapari.games\\\/vi\\\/bonus\\\/first-deposit\\\/\"]}]},{\"@type\":\"BreadcrumbList\",\"@id\":\"https:\\\/\\\/megapari.games\\\/vi\\\/bonus\\\/first-deposit\\\/#breadcrumb\",\"itemListElement\":[{\"@type\":\"ListItem\",\"position\":1,\"name\":\"\u0413\u043b\u0430\u0432\u043d\u0430\u044f \u0441\u0442\u0440\u0430\u043d\u0438\u0446\u0430\",\"item\":\"https:\\\/\\\/megapari.games\\\/vi\\\/\"},{\"@type\":\"ListItem\",\"position\":2,\"name\":\"Ti\u1ec1n th\u01b0\u1edfng\",\"item\":\"https:\\\/\\\/megapari.games\\\/vi\\\/bonus\\\/\"},{\"@type\":\"ListItem\",\"position\":3,\"name\":\"Kho\u1ea3n ti\u1ec1n g\u1eedi \u0111\u1ea7u ti\u00ean\"}]},{\"@type\":\"WebSite\",\"@id\":\"https:\\\/\\\/megapari.games\\\/vi\\\/#website\",\"url\":\"https:\\\/\\\/megapari.games\\\/vi\\\/\",\"name\":\"Megapari Games vi\",\"description\":\"My WordPress Blog\",\"potentialAction\":[{\"@type\":\"SearchAction\",\"target\":{\"@type\":\"EntryPoint\",\"urlTemplate\":\"https:\\\/\\\/megapari.games\\\/vi\\\/?s={search_term_string}\"},\"query-input\":{\"@type\":\"PropertyValueSpecification\",\"valueRequired\":true,\"valueName\":\"search_term_string\"}}],\"inLanguage\":\"vi\"}]}<\/script>\n<!-- \/ Yoast SEO plugin. -->","yoast_head_json":{"title":"Megapari G\u00f3i ch\u00e0o m\u1eebng \u2014 40.000.000 VND + 150 FS","description":"\u0110\u1eebng b\u1ecf l\u1ee1 c\u01a1 h\u1ed9i n\u00e0y! H\u00e3y tham gia Megapari v\u00e0 nh\u1eadn ngay G\u00f3i Ch\u00e0o M\u1eebng h\u1ea5p d\u1eabn tr\u1ecb gi\u00e1 l\u00ean \u0111\u1ebfn 40.000.000 VND + 150 l\u01b0\u1ee3t quay mi\u1ec5n ph\u00ed! Nh\u1eefng tr\u00f2 ch\u01a1i th\u00fa v\u1ecb v\u00e0 ph\u1ea7n th\u01b0\u1edfng kh\u00f4ng \u0111\u00e2u s\u00e1nh b\u1eb1ng \u0111ang ch\u1edd \u0111\u00f3n b\u1ea1n. Ch\u01a1i th\u00f4ng minh - chi\u1ebfn th\u1eafng \u0111\u1ea7y h\u1ee9ng kh\u1edfi!","robots":{"index":"index","follow":"follow","max-snippet":"max-snippet:-1","max-image-preview":"max-image-preview:large","max-video-preview":"max-video-preview:-1"},"canonical":"https:\/\/megapari.games\/vi\/bonus\/first-deposit\/","og_locale":"vi_VN","og_type":"article","og_title":"Megapari G\u00f3i ch\u00e0o m\u1eebng \u2014 40.000.000 VND + 150 FS","og_description":"\u0110\u1eebng b\u1ecf l\u1ee1 c\u01a1 h\u1ed9i n\u00e0y! H\u00e3y tham gia Megapari v\u00e0 nh\u1eadn ngay G\u00f3i Ch\u00e0o M\u1eebng h\u1ea5p d\u1eabn tr\u1ecb gi\u00e1 l\u00ean \u0111\u1ebfn 40.000.000 VND + 150 l\u01b0\u1ee3t quay mi\u1ec5n ph\u00ed! Nh\u1eefng tr\u00f2 ch\u01a1i th\u00fa v\u1ecb v\u00e0 ph\u1ea7n th\u01b0\u1edfng kh\u00f4ng \u0111\u00e2u s\u00e1nh b\u1eb1ng \u0111ang ch\u1edd \u0111\u00f3n b\u1ea1n. Ch\u01a1i th\u00f4ng minh - chi\u1ebfn th\u1eafng \u0111\u1ea7y h\u1ee9ng kh\u1edfi!","og_url":"https:\/\/megapari.games\/vi\/bonus\/first-deposit\/","og_site_name":"Megapari Games vi","article_modified_time":"2026-03-27T15:56:50+00:00","twitter_card":"summary_large_image","schema":{"@context":"https:\/\/schema.org","@graph":[{"@type":"WebPage","@id":"https:\/\/megapari.games\/vi\/bonus\/first-deposit\/","url":"https:\/\/megapari.games\/vi\/bonus\/first-deposit\/","name":"Megapari G\u00f3i ch\u00e0o m\u1eebng \u2014 40.000.000 VND + 150 FS","isPartOf":{"@id":"https:\/\/megapari.games\/vi\/#website"},"datePublished":"2025-03-27T08:52:05+00:00","dateModified":"2026-03-27T15:56:50+00:00","description":"\u0110\u1eebng b\u1ecf l\u1ee1 c\u01a1 h\u1ed9i n\u00e0y! H\u00e3y tham gia Megapari v\u00e0 nh\u1eadn ngay G\u00f3i Ch\u00e0o M\u1eebng h\u1ea5p d\u1eabn tr\u1ecb gi\u00e1 l\u00ean \u0111\u1ebfn 40.000.000 VND + 150 l\u01b0\u1ee3t quay mi\u1ec5n ph\u00ed! Nh\u1eefng tr\u00f2 ch\u01a1i th\u00fa v\u1ecb v\u00e0 ph\u1ea7n th\u01b0\u1edfng kh\u00f4ng \u0111\u00e2u s\u00e1nh b\u1eb1ng \u0111ang ch\u1edd \u0111\u00f3n b\u1ea1n. Ch\u01a1i th\u00f4ng minh - chi\u1ebfn th\u1eafng \u0111\u1ea7y h\u1ee9ng kh\u1edfi!","breadcrumb":{"@id":"https:\/\/megapari.games\/vi\/bonus\/first-deposit\/#breadcrumb"},"inLanguage":"vi","potentialAction":[{"@type":"ReadAction","target":["https:\/\/megapari.games\/vi\/bonus\/first-deposit\/"]}]},{"@type":"BreadcrumbList","@id":"https:\/\/megapari.games\/vi\/bonus\/first-deposit\/#breadcrumb","itemListElement":[{"@type":"ListItem","position":1,"name":"\u0413\u043b\u0430\u0432\u043d\u0430\u044f \u0441\u0442\u0440\u0430\u043d\u0438\u0446\u0430","item":"https:\/\/megapari.games\/vi\/"},{"@type":"ListItem","position":2,"name":"Ti\u1ec1n th\u01b0\u1edfng","item":"https:\/\/megapari.games\/vi\/bonus\/"},{"@type":"ListItem","position":3,"name":"Kho\u1ea3n ti\u1ec1n g\u1eedi \u0111\u1ea7u ti\u00ean"}]},{"@type":"WebSite","@id":"https:\/\/megapari.games\/vi\/#website","url":"https:\/\/megapari.games\/vi\/","name":"Megapari Games vi","description":"My WordPress Blog","potentialAction":[{"@type":"SearchAction","target":{"@type":"EntryPoint","urlTemplate":"https:\/\/megapari.games\/vi\/?s={search_term_string}"},"query-input":{"@type":"PropertyValueSpecification","valueRequired":true,"valueName":"search_term_string"}}],"inLanguage":"vi"}]}},"_links":{"self":[{"href":"https:\/\/megapari.games\/vi\/wp-json\/wp\/v2\/pages\/776","targetHints":{"allow":["GET"]}}],"collection":[{"href":"https:\/\/megapari.games\/vi\/wp-json\/wp\/v2\/pages"}],"about":[{"href":"https:\/\/megapari.games\/vi\/wp-json\/wp\/v2\/types\/page"}],"author":[{"embeddable":true,"href":"https:\/\/megapari.games\/vi\/wp-json\/wp\/v2\/users\/1"}],"replies":[{"embeddable":true,"href":"https:\/\/megapari.games\/vi\/wp-json\/wp\/v2\/comments?post=776"}],"version-history":[{"count":3,"href":"https:\/\/megapari.games\/vi\/wp-json\/wp\/v2\/pages\/776\/revisions"}],"predecessor-version":[{"id":1811,"href":"https:\/\/megapari.games\/vi\/wp-json\/wp\/v2\/pages\/776\/revisions\/1811"}],"up":[{"embeddable":true,"href":"https:\/\/megapari.games\/vi\/wp-json\/wp\/v2\/pages\/152"}],"wp:attachment":[{"href":"https:\/\/megapari.games\/vi\/wp-json\/wp\/v2\/media?parent=776"}],"curies":[{"name":"wp","href":"https:\/\/api.w.org\/{rel}","templated":true}]}}