{"id":799,"date":"2025-03-27T12:22:37","date_gmt":"2025-03-27T12:22:37","guid":{"rendered":"https:\/\/megapari.games\/vi\/?page_id=799"},"modified":"2026-03-27T16:23:54","modified_gmt":"2026-03-27T16:23:54","slug":"losing-bets","status":"publish","type":"page","link":"https:\/\/megapari.games\/vi\/bonus\/losing-bets\/","title":{"rendered":"C\u00e1c c\u01b0\u1ee3c thua"},"content":{"rendered":"","protected":false},"excerpt":{"rendered":"","protected":false},"author":1,"featured_media":0,"parent":152,"menu_order":0,"comment_status":"closed","ping_status":"closed","template":"","meta":{"inline_featured_image":false,"footnotes":""},"class_list":["post-799","page","type-page","status-publish","hentry"],"yoast_head":"<!-- This site is optimized with the Yoast SEO plugin v27.3 - https:\/\/yoast.com\/product\/yoast-seo-wordpress\/ -->\n<title>C\u00e1c c\u01b0\u1ee3c thua t\u1ea1i Megapari \u2014 Nh\u1eefng ng\u01b0\u1eddi ch\u01a1i \u0111\u1eb7t c\u01b0\u1ee3c sai l\u1ea7m<\/title>\n<meta name=\"description\" content=\"B\u1ea1n \u0111ang g\u1eb7p kh\u00f3 kh\u0103n trong c\u00e1c v\u00e1n c\u01b0\u1ee3c? \u0110\u1eebng n\u1ea3n l\u00f2ng! Megapari mang \u0111\u1ebfn ph\u1ea7n th\u01b0\u1edfng \u0111\u1ed9c nh\u1ea5t v\u00f4 nh\u1ecb d\u00e0nh cho nh\u1eefng ng\u01b0\u1eddi ch\u01a1i \u0111ang tr\u1ea3i qua chu\u1ed7i tr\u1eadn thua. H\u00e3y nh\u1eadn s\u1ef1 h\u1ed7 tr\u1ee3 trong nh\u1eefng th\u1eddi \u0111i\u1ec3m kh\u00f3 kh\u0103n v\u00e0 l\u1ea5y l\u1ea1i s\u1ef1 t\u1ef1 tin \u2013 th\u1ebf gi\u1edbi c\u00e1 c\u01b0\u1ee3c \u0111ang ch\u1edd \u0111\u00f3n b\u1ea1n!\" \/>\n<meta name=\"robots\" content=\"index, follow, max-snippet:-1, max-image-preview:large, max-video-preview:-1\" \/>\n<link rel=\"canonical\" href=\"https:\/\/megapari.games\/vi\/bonus\/losing-bets\/\" \/>\n<meta property=\"og:locale\" content=\"vi_VN\" \/>\n<meta property=\"og:type\" content=\"article\" \/>\n<meta property=\"og:title\" content=\"C\u00e1c c\u01b0\u1ee3c thua t\u1ea1i Megapari \u2014 Nh\u1eefng ng\u01b0\u1eddi ch\u01a1i \u0111\u1eb7t c\u01b0\u1ee3c sai l\u1ea7m\" \/>\n<meta property=\"og:description\" content=\"B\u1ea1n \u0111ang g\u1eb7p kh\u00f3 kh\u0103n trong c\u00e1c v\u00e1n c\u01b0\u1ee3c? \u0110\u1eebng n\u1ea3n l\u00f2ng! Megapari mang \u0111\u1ebfn ph\u1ea7n th\u01b0\u1edfng \u0111\u1ed9c nh\u1ea5t v\u00f4 nh\u1ecb d\u00e0nh cho nh\u1eefng ng\u01b0\u1eddi ch\u01a1i \u0111ang tr\u1ea3i qua chu\u1ed7i tr\u1eadn thua. H\u00e3y nh\u1eadn s\u1ef1 h\u1ed7 tr\u1ee3 trong nh\u1eefng th\u1eddi \u0111i\u1ec3m kh\u00f3 kh\u0103n v\u00e0 l\u1ea5y l\u1ea1i s\u1ef1 t\u1ef1 tin \u2013 th\u1ebf gi\u1edbi c\u00e1 c\u01b0\u1ee3c \u0111ang ch\u1edd \u0111\u00f3n b\u1ea1n!\" \/>\n<meta property=\"og:url\" content=\"https:\/\/megapari.games\/vi\/bonus\/losing-bets\/\" \/>\n<meta property=\"og:site_name\" content=\"Megapari Games vi\" \/>\n<meta property=\"article:modified_time\" content=\"2026-03-27T16:23:54+00:00\" \/>\n<meta name=\"twitter:card\" content=\"summary_large_image\" \/>\n<script type=\"application\/ld+json\" class=\"yoast-schema-graph\">{\"@context\":\"https:\\\/\\\/schema.org\",\"@graph\":[{\"@type\":\"WebPage\",\"@id\":\"https:\\\/\\\/megapari.games\\\/vi\\\/bonus\\\/losing-bets\\\/\",\"url\":\"https:\\\/\\\/megapari.games\\\/vi\\\/bonus\\\/losing-bets\\\/\",\"name\":\"C\u00e1c c\u01b0\u1ee3c thua t\u1ea1i Megapari \u2014 Nh\u1eefng ng\u01b0\u1eddi ch\u01a1i \u0111\u1eb7t c\u01b0\u1ee3c sai l\u1ea7m\",\"isPartOf\":{\"@id\":\"https:\\\/\\\/megapari.games\\\/vi\\\/#website\"},\"datePublished\":\"2025-03-27T12:22:37+00:00\",\"dateModified\":\"2026-03-27T16:23:54+00:00\",\"description\":\"B\u1ea1n \u0111ang g\u1eb7p kh\u00f3 kh\u0103n trong c\u00e1c v\u00e1n c\u01b0\u1ee3c? \u0110\u1eebng n\u1ea3n l\u00f2ng! Megapari mang \u0111\u1ebfn ph\u1ea7n th\u01b0\u1edfng \u0111\u1ed9c nh\u1ea5t v\u00f4 nh\u1ecb d\u00e0nh cho nh\u1eefng ng\u01b0\u1eddi ch\u01a1i \u0111ang tr\u1ea3i qua chu\u1ed7i tr\u1eadn thua. H\u00e3y nh\u1eadn s\u1ef1 h\u1ed7 tr\u1ee3 trong nh\u1eefng th\u1eddi \u0111i\u1ec3m kh\u00f3 kh\u0103n v\u00e0 l\u1ea5y l\u1ea1i s\u1ef1 t\u1ef1 tin \u2013 th\u1ebf gi\u1edbi c\u00e1 c\u01b0\u1ee3c \u0111ang ch\u1edd \u0111\u00f3n b\u1ea1n!\",\"breadcrumb\":{\"@id\":\"https:\\\/\\\/megapari.games\\\/vi\\\/bonus\\\/losing-bets\\\/#breadcrumb\"},\"inLanguage\":\"vi\",\"potentialAction\":[{\"@type\":\"ReadAction\",\"target\":[\"https:\\\/\\\/megapari.games\\\/vi\\\/bonus\\\/losing-bets\\\/\"]}]},{\"@type\":\"BreadcrumbList\",\"@id\":\"https:\\\/\\\/megapari.games\\\/vi\\\/bonus\\\/losing-bets\\\/#breadcrumb\",\"itemListElement\":[{\"@type\":\"ListItem\",\"position\":1,\"name\":\"\u0413\u043b\u0430\u0432\u043d\u0430\u044f \u0441\u0442\u0440\u0430\u043d\u0438\u0446\u0430\",\"item\":\"https:\\\/\\\/megapari.games\\\/vi\\\/\"},{\"@type\":\"ListItem\",\"position\":2,\"name\":\"Ti\u1ec1n th\u01b0\u1edfng\",\"item\":\"https:\\\/\\\/megapari.games\\\/vi\\\/bonus\\\/\"},{\"@type\":\"ListItem\",\"position\":3,\"name\":\"C\u00e1c c\u01b0\u1ee3c thua\"}]},{\"@type\":\"WebSite\",\"@id\":\"https:\\\/\\\/megapari.games\\\/vi\\\/#website\",\"url\":\"https:\\\/\\\/megapari.games\\\/vi\\\/\",\"name\":\"Megapari Games vi\",\"description\":\"My WordPress Blog\",\"potentialAction\":[{\"@type\":\"SearchAction\",\"target\":{\"@type\":\"EntryPoint\",\"urlTemplate\":\"https:\\\/\\\/megapari.games\\\/vi\\\/?s={search_term_string}\"},\"query-input\":{\"@type\":\"PropertyValueSpecification\",\"valueRequired\":true,\"valueName\":\"search_term_string\"}}],\"inLanguage\":\"vi\"}]}<\/script>\n<!-- \/ Yoast SEO plugin. -->","yoast_head_json":{"title":"C\u00e1c c\u01b0\u1ee3c thua t\u1ea1i Megapari \u2014 Nh\u1eefng ng\u01b0\u1eddi ch\u01a1i \u0111\u1eb7t c\u01b0\u1ee3c sai l\u1ea7m","description":"B\u1ea1n \u0111ang g\u1eb7p kh\u00f3 kh\u0103n trong c\u00e1c v\u00e1n c\u01b0\u1ee3c? \u0110\u1eebng n\u1ea3n l\u00f2ng! Megapari mang \u0111\u1ebfn ph\u1ea7n th\u01b0\u1edfng \u0111\u1ed9c nh\u1ea5t v\u00f4 nh\u1ecb d\u00e0nh cho nh\u1eefng ng\u01b0\u1eddi ch\u01a1i \u0111ang tr\u1ea3i qua chu\u1ed7i tr\u1eadn thua. H\u00e3y nh\u1eadn s\u1ef1 h\u1ed7 tr\u1ee3 trong nh\u1eefng th\u1eddi \u0111i\u1ec3m kh\u00f3 kh\u0103n v\u00e0 l\u1ea5y l\u1ea1i s\u1ef1 t\u1ef1 tin \u2013 th\u1ebf gi\u1edbi c\u00e1 c\u01b0\u1ee3c \u0111ang ch\u1edd \u0111\u00f3n b\u1ea1n!","robots":{"index":"index","follow":"follow","max-snippet":"max-snippet:-1","max-image-preview":"max-image-preview:large","max-video-preview":"max-video-preview:-1"},"canonical":"https:\/\/megapari.games\/vi\/bonus\/losing-bets\/","og_locale":"vi_VN","og_type":"article","og_title":"C\u00e1c c\u01b0\u1ee3c thua t\u1ea1i Megapari \u2014 Nh\u1eefng ng\u01b0\u1eddi ch\u01a1i \u0111\u1eb7t c\u01b0\u1ee3c sai l\u1ea7m","og_description":"B\u1ea1n \u0111ang g\u1eb7p kh\u00f3 kh\u0103n trong c\u00e1c v\u00e1n c\u01b0\u1ee3c? \u0110\u1eebng n\u1ea3n l\u00f2ng! Megapari mang \u0111\u1ebfn ph\u1ea7n th\u01b0\u1edfng \u0111\u1ed9c nh\u1ea5t v\u00f4 nh\u1ecb d\u00e0nh cho nh\u1eefng ng\u01b0\u1eddi ch\u01a1i \u0111ang tr\u1ea3i qua chu\u1ed7i tr\u1eadn thua. H\u00e3y nh\u1eadn s\u1ef1 h\u1ed7 tr\u1ee3 trong nh\u1eefng th\u1eddi \u0111i\u1ec3m kh\u00f3 kh\u0103n v\u00e0 l\u1ea5y l\u1ea1i s\u1ef1 t\u1ef1 tin \u2013 th\u1ebf gi\u1edbi c\u00e1 c\u01b0\u1ee3c \u0111ang ch\u1edd \u0111\u00f3n b\u1ea1n!","og_url":"https:\/\/megapari.games\/vi\/bonus\/losing-bets\/","og_site_name":"Megapari Games vi","article_modified_time":"2026-03-27T16:23:54+00:00","twitter_card":"summary_large_image","schema":{"@context":"https:\/\/schema.org","@graph":[{"@type":"WebPage","@id":"https:\/\/megapari.games\/vi\/bonus\/losing-bets\/","url":"https:\/\/megapari.games\/vi\/bonus\/losing-bets\/","name":"C\u00e1c c\u01b0\u1ee3c thua t\u1ea1i Megapari \u2014 Nh\u1eefng ng\u01b0\u1eddi ch\u01a1i \u0111\u1eb7t c\u01b0\u1ee3c sai l\u1ea7m","isPartOf":{"@id":"https:\/\/megapari.games\/vi\/#website"},"datePublished":"2025-03-27T12:22:37+00:00","dateModified":"2026-03-27T16:23:54+00:00","description":"B\u1ea1n \u0111ang g\u1eb7p kh\u00f3 kh\u0103n trong c\u00e1c v\u00e1n c\u01b0\u1ee3c? \u0110\u1eebng n\u1ea3n l\u00f2ng! Megapari mang \u0111\u1ebfn ph\u1ea7n th\u01b0\u1edfng \u0111\u1ed9c nh\u1ea5t v\u00f4 nh\u1ecb d\u00e0nh cho nh\u1eefng ng\u01b0\u1eddi ch\u01a1i \u0111ang tr\u1ea3i qua chu\u1ed7i tr\u1eadn thua. H\u00e3y nh\u1eadn s\u1ef1 h\u1ed7 tr\u1ee3 trong nh\u1eefng th\u1eddi \u0111i\u1ec3m kh\u00f3 kh\u0103n v\u00e0 l\u1ea5y l\u1ea1i s\u1ef1 t\u1ef1 tin \u2013 th\u1ebf gi\u1edbi c\u00e1 c\u01b0\u1ee3c \u0111ang ch\u1edd \u0111\u00f3n b\u1ea1n!","breadcrumb":{"@id":"https:\/\/megapari.games\/vi\/bonus\/losing-bets\/#breadcrumb"},"inLanguage":"vi","potentialAction":[{"@type":"ReadAction","target":["https:\/\/megapari.games\/vi\/bonus\/losing-bets\/"]}]},{"@type":"BreadcrumbList","@id":"https:\/\/megapari.games\/vi\/bonus\/losing-bets\/#breadcrumb","itemListElement":[{"@type":"ListItem","position":1,"name":"\u0413\u043b\u0430\u0432\u043d\u0430\u044f \u0441\u0442\u0440\u0430\u043d\u0438\u0446\u0430","item":"https:\/\/megapari.games\/vi\/"},{"@type":"ListItem","position":2,"name":"Ti\u1ec1n th\u01b0\u1edfng","item":"https:\/\/megapari.games\/vi\/bonus\/"},{"@type":"ListItem","position":3,"name":"C\u00e1c c\u01b0\u1ee3c thua"}]},{"@type":"WebSite","@id":"https:\/\/megapari.games\/vi\/#website","url":"https:\/\/megapari.games\/vi\/","name":"Megapari Games vi","description":"My WordPress Blog","potentialAction":[{"@type":"SearchAction","target":{"@type":"EntryPoint","urlTemplate":"https:\/\/megapari.games\/vi\/?s={search_term_string}"},"query-input":{"@type":"PropertyValueSpecification","valueRequired":true,"valueName":"search_term_string"}}],"inLanguage":"vi"}]}},"_links":{"self":[{"href":"https:\/\/megapari.games\/vi\/wp-json\/wp\/v2\/pages\/799","targetHints":{"allow":["GET"]}}],"collection":[{"href":"https:\/\/megapari.games\/vi\/wp-json\/wp\/v2\/pages"}],"about":[{"href":"https:\/\/megapari.games\/vi\/wp-json\/wp\/v2\/types\/page"}],"author":[{"embeddable":true,"href":"https:\/\/megapari.games\/vi\/wp-json\/wp\/v2\/users\/1"}],"replies":[{"embeddable":true,"href":"https:\/\/megapari.games\/vi\/wp-json\/wp\/v2\/comments?post=799"}],"version-history":[{"count":3,"href":"https:\/\/megapari.games\/vi\/wp-json\/wp\/v2\/pages\/799\/revisions"}],"predecessor-version":[{"id":1821,"href":"https:\/\/megapari.games\/vi\/wp-json\/wp\/v2\/pages\/799\/revisions\/1821"}],"up":[{"embeddable":true,"href":"https:\/\/megapari.games\/vi\/wp-json\/wp\/v2\/pages\/152"}],"wp:attachment":[{"href":"https:\/\/megapari.games\/vi\/wp-json\/wp\/v2\/media?parent=799"}],"curies":[{"name":"wp","href":"https:\/\/api.w.org\/{rel}","templated":true}]}}