{"id":815,"date":"2025-03-27T13:37:08","date_gmt":"2025-03-27T13:37:08","guid":{"rendered":"https:\/\/megapari.games\/vi\/?page_id=815"},"modified":"2026-03-27T16:41:49","modified_gmt":"2026-03-27T16:41:49","slug":"welcome-package","status":"publish","type":"page","link":"https:\/\/megapari.games\/vi\/bonus\/welcome-package\/","title":{"rendered":"G\u00f3i ch\u00e0o m\u1eebng"},"content":{"rendered":"","protected":false},"excerpt":{"rendered":"","protected":false},"author":1,"featured_media":0,"parent":152,"menu_order":0,"comment_status":"closed","ping_status":"closed","template":"","meta":{"inline_featured_image":false,"footnotes":""},"class_list":["post-815","page","type-page","status-publish","hentry"],"yoast_head":"<!-- This site is optimized with the Yoast SEO plugin v27.3 - https:\/\/yoast.com\/product\/yoast-seo-wordpress\/ -->\n<title>Megapari G\u00f3i ch\u00e0o m\u1eebng: 5200000 VND Hai l\u1ea7n n\u1ea1p ti\u1ec1n \u0111\u1ea7u ti\u00ean<\/title>\n<meta name=\"description\" content=\"\u0110\u1eebng b\u1ecf l\u1ee1 c\u01a1 h\u1ed9i nh\u1eadn ph\u1ea7n th\u01b0\u1edfng h\u1ea5p d\u1eabn! \u0110\u0103ng k\u00fd t\u1ea1i Megapari v\u00e0 nh\u1eadn ngay l\u00ean \u0111\u1ebfn 5200000 VND cho hai l\u1ea7n n\u1ea1p ti\u1ec1n \u0111\u1ea7u ti\u00ean. Nh\u1eefng tr\u00f2 ch\u01a1i th\u00fa v\u1ecb \u0111ang ch\u1edd \u0111\u00f3n b\u1ea1n \u2013 h\u00e3y nhanh tay tham gia tr\u01b0\u1edbc khi qu\u00e1 mu\u1ed9n!\" \/>\n<meta name=\"robots\" content=\"index, follow, max-snippet:-1, max-image-preview:large, max-video-preview:-1\" \/>\n<link rel=\"canonical\" href=\"https:\/\/megapari.games\/vi\/bonus\/welcome-package\/\" \/>\n<meta property=\"og:locale\" content=\"vi_VN\" \/>\n<meta property=\"og:type\" content=\"article\" \/>\n<meta property=\"og:title\" content=\"Megapari G\u00f3i ch\u00e0o m\u1eebng: 5200000 VND Hai l\u1ea7n n\u1ea1p ti\u1ec1n \u0111\u1ea7u ti\u00ean\" \/>\n<meta property=\"og:description\" content=\"\u0110\u1eebng b\u1ecf l\u1ee1 c\u01a1 h\u1ed9i nh\u1eadn ph\u1ea7n th\u01b0\u1edfng h\u1ea5p d\u1eabn! \u0110\u0103ng k\u00fd t\u1ea1i Megapari v\u00e0 nh\u1eadn ngay l\u00ean \u0111\u1ebfn 5200000 VND cho hai l\u1ea7n n\u1ea1p ti\u1ec1n \u0111\u1ea7u ti\u00ean. Nh\u1eefng tr\u00f2 ch\u01a1i th\u00fa v\u1ecb \u0111ang ch\u1edd \u0111\u00f3n b\u1ea1n \u2013 h\u00e3y nhanh tay tham gia tr\u01b0\u1edbc khi qu\u00e1 mu\u1ed9n!\" \/>\n<meta property=\"og:url\" content=\"https:\/\/megapari.games\/vi\/bonus\/welcome-package\/\" \/>\n<meta property=\"og:site_name\" content=\"Megapari Games vi\" \/>\n<meta property=\"article:modified_time\" content=\"2026-03-27T16:41:49+00:00\" \/>\n<meta name=\"twitter:card\" content=\"summary_large_image\" \/>\n<script type=\"application\/ld+json\" class=\"yoast-schema-graph\">{\"@context\":\"https:\\\/\\\/schema.org\",\"@graph\":[{\"@type\":\"WebPage\",\"@id\":\"https:\\\/\\\/megapari.games\\\/vi\\\/bonus\\\/welcome-package\\\/\",\"url\":\"https:\\\/\\\/megapari.games\\\/vi\\\/bonus\\\/welcome-package\\\/\",\"name\":\"Megapari G\u00f3i ch\u00e0o m\u1eebng: 5200000 VND Hai l\u1ea7n n\u1ea1p ti\u1ec1n \u0111\u1ea7u ti\u00ean\",\"isPartOf\":{\"@id\":\"https:\\\/\\\/megapari.games\\\/vi\\\/#website\"},\"datePublished\":\"2025-03-27T13:37:08+00:00\",\"dateModified\":\"2026-03-27T16:41:49+00:00\",\"description\":\"\u0110\u1eebng b\u1ecf l\u1ee1 c\u01a1 h\u1ed9i nh\u1eadn ph\u1ea7n th\u01b0\u1edfng h\u1ea5p d\u1eabn! \u0110\u0103ng k\u00fd t\u1ea1i Megapari v\u00e0 nh\u1eadn ngay l\u00ean \u0111\u1ebfn 5200000 VND cho hai l\u1ea7n n\u1ea1p ti\u1ec1n \u0111\u1ea7u ti\u00ean. Nh\u1eefng tr\u00f2 ch\u01a1i th\u00fa v\u1ecb \u0111ang ch\u1edd \u0111\u00f3n b\u1ea1n \u2013 h\u00e3y nhanh tay tham gia tr\u01b0\u1edbc khi qu\u00e1 mu\u1ed9n!\",\"breadcrumb\":{\"@id\":\"https:\\\/\\\/megapari.games\\\/vi\\\/bonus\\\/welcome-package\\\/#breadcrumb\"},\"inLanguage\":\"vi\",\"potentialAction\":[{\"@type\":\"ReadAction\",\"target\":[\"https:\\\/\\\/megapari.games\\\/vi\\\/bonus\\\/welcome-package\\\/\"]}]},{\"@type\":\"BreadcrumbList\",\"@id\":\"https:\\\/\\\/megapari.games\\\/vi\\\/bonus\\\/welcome-package\\\/#breadcrumb\",\"itemListElement\":[{\"@type\":\"ListItem\",\"position\":1,\"name\":\"\u0413\u043b\u0430\u0432\u043d\u0430\u044f \u0441\u0442\u0440\u0430\u043d\u0438\u0446\u0430\",\"item\":\"https:\\\/\\\/megapari.games\\\/vi\\\/\"},{\"@type\":\"ListItem\",\"position\":2,\"name\":\"Ti\u1ec1n th\u01b0\u1edfng\",\"item\":\"https:\\\/\\\/megapari.games\\\/vi\\\/bonus\\\/\"},{\"@type\":\"ListItem\",\"position\":3,\"name\":\"G\u00f3i ch\u00e0o m\u1eebng\"}]},{\"@type\":\"WebSite\",\"@id\":\"https:\\\/\\\/megapari.games\\\/vi\\\/#website\",\"url\":\"https:\\\/\\\/megapari.games\\\/vi\\\/\",\"name\":\"Megapari Games vi\",\"description\":\"My WordPress Blog\",\"potentialAction\":[{\"@type\":\"SearchAction\",\"target\":{\"@type\":\"EntryPoint\",\"urlTemplate\":\"https:\\\/\\\/megapari.games\\\/vi\\\/?s={search_term_string}\"},\"query-input\":{\"@type\":\"PropertyValueSpecification\",\"valueRequired\":true,\"valueName\":\"search_term_string\"}}],\"inLanguage\":\"vi\"}]}<\/script>\n<!-- \/ Yoast SEO plugin. -->","yoast_head_json":{"title":"Megapari G\u00f3i ch\u00e0o m\u1eebng: 5200000 VND Hai l\u1ea7n n\u1ea1p ti\u1ec1n \u0111\u1ea7u ti\u00ean","description":"\u0110\u1eebng b\u1ecf l\u1ee1 c\u01a1 h\u1ed9i nh\u1eadn ph\u1ea7n th\u01b0\u1edfng h\u1ea5p d\u1eabn! \u0110\u0103ng k\u00fd t\u1ea1i Megapari v\u00e0 nh\u1eadn ngay l\u00ean \u0111\u1ebfn 5200000 VND cho hai l\u1ea7n n\u1ea1p ti\u1ec1n \u0111\u1ea7u ti\u00ean. Nh\u1eefng tr\u00f2 ch\u01a1i th\u00fa v\u1ecb \u0111ang ch\u1edd \u0111\u00f3n b\u1ea1n \u2013 h\u00e3y nhanh tay tham gia tr\u01b0\u1edbc khi qu\u00e1 mu\u1ed9n!","robots":{"index":"index","follow":"follow","max-snippet":"max-snippet:-1","max-image-preview":"max-image-preview:large","max-video-preview":"max-video-preview:-1"},"canonical":"https:\/\/megapari.games\/vi\/bonus\/welcome-package\/","og_locale":"vi_VN","og_type":"article","og_title":"Megapari G\u00f3i ch\u00e0o m\u1eebng: 5200000 VND Hai l\u1ea7n n\u1ea1p ti\u1ec1n \u0111\u1ea7u ti\u00ean","og_description":"\u0110\u1eebng b\u1ecf l\u1ee1 c\u01a1 h\u1ed9i nh\u1eadn ph\u1ea7n th\u01b0\u1edfng h\u1ea5p d\u1eabn! \u0110\u0103ng k\u00fd t\u1ea1i Megapari v\u00e0 nh\u1eadn ngay l\u00ean \u0111\u1ebfn 5200000 VND cho hai l\u1ea7n n\u1ea1p ti\u1ec1n \u0111\u1ea7u ti\u00ean. Nh\u1eefng tr\u00f2 ch\u01a1i th\u00fa v\u1ecb \u0111ang ch\u1edd \u0111\u00f3n b\u1ea1n \u2013 h\u00e3y nhanh tay tham gia tr\u01b0\u1edbc khi qu\u00e1 mu\u1ed9n!","og_url":"https:\/\/megapari.games\/vi\/bonus\/welcome-package\/","og_site_name":"Megapari Games vi","article_modified_time":"2026-03-27T16:41:49+00:00","twitter_card":"summary_large_image","schema":{"@context":"https:\/\/schema.org","@graph":[{"@type":"WebPage","@id":"https:\/\/megapari.games\/vi\/bonus\/welcome-package\/","url":"https:\/\/megapari.games\/vi\/bonus\/welcome-package\/","name":"Megapari G\u00f3i ch\u00e0o m\u1eebng: 5200000 VND Hai l\u1ea7n n\u1ea1p ti\u1ec1n \u0111\u1ea7u ti\u00ean","isPartOf":{"@id":"https:\/\/megapari.games\/vi\/#website"},"datePublished":"2025-03-27T13:37:08+00:00","dateModified":"2026-03-27T16:41:49+00:00","description":"\u0110\u1eebng b\u1ecf l\u1ee1 c\u01a1 h\u1ed9i nh\u1eadn ph\u1ea7n th\u01b0\u1edfng h\u1ea5p d\u1eabn! \u0110\u0103ng k\u00fd t\u1ea1i Megapari v\u00e0 nh\u1eadn ngay l\u00ean \u0111\u1ebfn 5200000 VND cho hai l\u1ea7n n\u1ea1p ti\u1ec1n \u0111\u1ea7u ti\u00ean. Nh\u1eefng tr\u00f2 ch\u01a1i th\u00fa v\u1ecb \u0111ang ch\u1edd \u0111\u00f3n b\u1ea1n \u2013 h\u00e3y nhanh tay tham gia tr\u01b0\u1edbc khi qu\u00e1 mu\u1ed9n!","breadcrumb":{"@id":"https:\/\/megapari.games\/vi\/bonus\/welcome-package\/#breadcrumb"},"inLanguage":"vi","potentialAction":[{"@type":"ReadAction","target":["https:\/\/megapari.games\/vi\/bonus\/welcome-package\/"]}]},{"@type":"BreadcrumbList","@id":"https:\/\/megapari.games\/vi\/bonus\/welcome-package\/#breadcrumb","itemListElement":[{"@type":"ListItem","position":1,"name":"\u0413\u043b\u0430\u0432\u043d\u0430\u044f \u0441\u0442\u0440\u0430\u043d\u0438\u0446\u0430","item":"https:\/\/megapari.games\/vi\/"},{"@type":"ListItem","position":2,"name":"Ti\u1ec1n th\u01b0\u1edfng","item":"https:\/\/megapari.games\/vi\/bonus\/"},{"@type":"ListItem","position":3,"name":"G\u00f3i ch\u00e0o m\u1eebng"}]},{"@type":"WebSite","@id":"https:\/\/megapari.games\/vi\/#website","url":"https:\/\/megapari.games\/vi\/","name":"Megapari Games vi","description":"My WordPress Blog","potentialAction":[{"@type":"SearchAction","target":{"@type":"EntryPoint","urlTemplate":"https:\/\/megapari.games\/vi\/?s={search_term_string}"},"query-input":{"@type":"PropertyValueSpecification","valueRequired":true,"valueName":"search_term_string"}}],"inLanguage":"vi"}]}},"_links":{"self":[{"href":"https:\/\/megapari.games\/vi\/wp-json\/wp\/v2\/pages\/815","targetHints":{"allow":["GET"]}}],"collection":[{"href":"https:\/\/megapari.games\/vi\/wp-json\/wp\/v2\/pages"}],"about":[{"href":"https:\/\/megapari.games\/vi\/wp-json\/wp\/v2\/types\/page"}],"author":[{"embeddable":true,"href":"https:\/\/megapari.games\/vi\/wp-json\/wp\/v2\/users\/1"}],"replies":[{"embeddable":true,"href":"https:\/\/megapari.games\/vi\/wp-json\/wp\/v2\/comments?post=815"}],"version-history":[{"count":3,"href":"https:\/\/megapari.games\/vi\/wp-json\/wp\/v2\/pages\/815\/revisions"}],"predecessor-version":[{"id":1828,"href":"https:\/\/megapari.games\/vi\/wp-json\/wp\/v2\/pages\/815\/revisions\/1828"}],"up":[{"embeddable":true,"href":"https:\/\/megapari.games\/vi\/wp-json\/wp\/v2\/pages\/152"}],"wp:attachment":[{"href":"https:\/\/megapari.games\/vi\/wp-json\/wp\/v2\/media?parent=815"}],"curies":[{"name":"wp","href":"https:\/\/api.w.org\/{rel}","templated":true}]}}